{"id":89,"date":"2019-08-24T16:27:03","date_gmt":"2019-08-24T14:27:03","guid":{"rendered":"http:\/\/lorciafrrc.cluster020.hosting.ovh.net\/?page_id=89"},"modified":"2023-09-25T13:50:14","modified_gmt":"2023-09-25T11:50:14","slug":"une-section-de-page-daccueil","status":"publish","type":"page","link":"https:\/\/www.lorcia.fr\/index.php\/une-section-de-page-daccueil\/","title":{"rendered":"Tarifs"},"content":{"rendered":"\n<figure class=\"wp-block-table is-style-stripes\"><table class=\"has-background\" style=\"background-color:#f3f4f5\"><tbody><tr><td><\/td><td>1 enfant-1h\/semaine<\/td><td>2 enfants-1h\/semaine<\/td><\/tr><tr><td>Tarif annuel*<\/td><td>305\u20ac<\/td><td>499\u20ac<\/td><\/tr><tr><td>Tarif trimestriel*<\/td><td>105\u20ac<\/td><td>170\u20ac<\/td><\/tr><tr><td>Tarif mensuel*<\/td><td>35\u20ac<\/td><td>53\u20ac<\/td><\/tr><\/tbody><\/table><\/figure>\n\n\n<p>*Les frais d&rsquo;inscriptions s&rsquo;\u00e9l\u00e8vent \u00e0 25\u20ac et doivent \u00eatre ajout\u00e9s aux montants par ann\u00e9e et par enfant.<\/p>\n\n\n<ul class=\"wp-block-list\">\n<li>Carte de 10 cours valable 1 an: 100\u20ac. R\u00e9duction de 20% sur la deuxi\u00e8me carte pour un deuxi\u00e8me enfant de la m\u00eame famille. <\/li>\n\n\n\n<li>Cours particuliers avec Louise Langlet : 25\u20ac\/heure<\/li>\n\n\n\n<li>Pour les inscriptions en cours d&rsquo;ann\u00e9e, les tarifs seront recalcul\u00e9s<\/li>\n\n\n\n<li>Le tarif pour 2 enfants ne s&rsquo;applique que s&rsquo;ils sont de la m\u00eame fratrie.<\/li>\n<\/ul>\n","protected":false},"excerpt":{"rendered":"<p>1 enfant-1h\/semaine 2 enfants-1h\/semaine Tarif annuel* 305\u20ac 499\u20ac Tarif trimestriel* 105\u20ac 170\u20ac Tarif mensuel* 35\u20ac 53\u20ac *Les frais d&rsquo;inscriptions s&rsquo;\u00e9l\u00e8vent \u00e0 25\u20ac et doivent \u00eatre ajout\u00e9s aux montants par ann\u00e9e et par enfant.<\/p>\n","protected":false},"author":1,"featured_media":0,"parent":0,"menu_order":0,"comment_status":"closed","ping_status":"closed","template":"","meta":{"footnotes":""},"class_list":["post-89","page","type-page","status-publish","hentry"],"_links":{"self":[{"href":"https:\/\/www.lorcia.fr\/index.php\/wp-json\/wp\/v2\/pages\/89","targetHints":{"allow":["GET"]}}],"collection":[{"href":"https:\/\/www.lorcia.fr\/index.php\/wp-json\/wp\/v2\/pages"}],"about":[{"href":"https:\/\/www.lorcia.fr\/index.php\/wp-json\/wp\/v2\/types\/page"}],"author":[{"embeddable":true,"href":"https:\/\/www.lorcia.fr\/index.php\/wp-json\/wp\/v2\/users\/1"}],"replies":[{"embeddable":true,"href":"https:\/\/www.lorcia.fr\/index.php\/wp-json\/wp\/v2\/comments?post=89"}],"version-history":[{"count":7,"href":"https:\/\/www.lorcia.fr\/index.php\/wp-json\/wp\/v2\/pages\/89\/revisions"}],"predecessor-version":[{"id":671,"href":"https:\/\/www.lorcia.fr\/index.php\/wp-json\/wp\/v2\/pages\/89\/revisions\/671"}],"wp:attachment":[{"href":"https:\/\/www.lorcia.fr\/index.php\/wp-json\/wp\/v2\/media?parent=89"}],"curies":[{"name":"wp","href":"https:\/\/api.w.org\/{rel}","templated":true}]}}