{"id":85,"date":"2019-08-24T16:27:03","date_gmt":"2019-08-24T14:27:03","guid":{"rendered":"http:\/\/lorciafrrc.cluster020.hosting.ovh.net\/?page_id=85"},"modified":"2026-01-11T14:22:29","modified_gmt":"2026-01-11T13:22:29","slug":"accueil","status":"publish","type":"page","link":"https:\/\/www.lorcia.fr\/","title":{"rendered":"Bienvenue sur le site de l&rsquo;\u00e9cole de danse Lorcia !"},"content":{"rendered":"\n<div class=\"wp-block-cover is-light\"><img loading=\"lazy\" decoding=\"async\" width=\"1987\" height=\"1287\" class=\"wp-block-cover__image-background wp-image-48\" alt=\"\" src=\"http:\/\/lorciafrrc.cluster020.hosting.ovh.net\/wp-content\/uploads\/2019\/07\/33.jpg\" data-object-fit=\"cover\" srcset=\"https:\/\/www.lorcia.fr\/wp-content\/uploads\/2019\/07\/33.jpg 1987w, https:\/\/www.lorcia.fr\/wp-content\/uploads\/2019\/07\/33-300x194.jpg 300w, https:\/\/www.lorcia.fr\/wp-content\/uploads\/2019\/07\/33-768x497.jpg 768w, https:\/\/www.lorcia.fr\/wp-content\/uploads\/2019\/07\/33-1024x663.jpg 1024w\" sizes=\"auto, (max-width: 1987px) 100vw, 1987px\" \/><span aria-hidden=\"true\" class=\"wp-block-cover__background has-background-dim\"><\/span><div class=\"wp-block-cover__inner-container is-layout-flow wp-block-cover-is-layout-flow\">\n<p class=\"has-text-align-center has-white-color has-text-color\" style=\"font-size:18px\">Spectacle annuel pr\u00e9vu le 28 juin 2026<\/p>\n\n\n\n<p class=\"has-text-align-center has-white-color has-text-color\" style=\"font-size:18px\"><\/p>\n<\/div><\/div>\n\n\n\n<p><\/p>\n\n\n\n<h2 class=\"wp-block-heading\">Demandez un cours d&rsquo;essai gratuit: <\/h2>\n\n\n<div class=\"wpforms-container wpforms-container-full wpforms-block wpforms-block-5adbf134-af82-4a81-af13-607a099417fd\" id=\"wpforms-240\"><form id=\"wpforms-form-240\" class=\"wpforms-validate wpforms-form\" data-formid=\"240\" method=\"post\" enctype=\"multipart\/form-data\" action=\"\/index.php\/wp-json\/wp\/v2\/pages\/85\" data-token=\"720e8ffe8ee75acd043734271e52f441\" data-token-time=\"1775852328\"><noscript class=\"wpforms-error-noscript\">Veuillez activer JavaScript dans votre navigateur pour remplir ce formulaire.<\/noscript><div class=\"wpforms-field-container\"><div id=\"wpforms-240-field_1-container\" class=\"wpforms-field wpforms-field-name\" data-field-id=\"1\"><label class=\"wpforms-field-label\">Nom de l&#039;enfant <span class=\"wpforms-required-label\">*<\/span><\/label><div class=\"wpforms-field-row wpforms-field-medium\"><div class=\"wpforms-field-row-block wpforms-first wpforms-one-half\"><input type=\"text\" id=\"wpforms-240-field_1\" class=\"wpforms-field-name-first wpforms-field-required\" name=\"wpforms[fields][1][first]\" required><label for=\"wpforms-240-field_1\" class=\"wpforms-field-sublabel after\">Pr\u00e9nom<\/label><\/div><div class=\"wpforms-field-row-block wpforms-one-half\"><input type=\"text\" id=\"wpforms-240-field_1-last\" class=\"wpforms-field-name-last wpforms-field-required\" name=\"wpforms[fields][1][last]\" required><label for=\"wpforms-240-field_1-last\" class=\"wpforms-field-sublabel after\">Nom<\/label><\/div><\/div><\/div><div id=\"wpforms-240-field_7-container\" class=\"wpforms-field wpforms-field-text\" data-field-id=\"7\"><label class=\"wpforms-field-label\" for=\"wpforms-240-field_7\">Age de l&#039;enfant <span class=\"wpforms-required-label\">*<\/span><\/label><input type=\"text\" id=\"wpforms-240-field_7\" class=\"wpforms-field-medium wpforms-field-required\" name=\"wpforms[fields][7]\" required><\/div><div id=\"wpforms-240-field_2-container\" class=\"wpforms-field wpforms-field-select wpforms-field-select-style-classic\" data-field-id=\"2\"><label class=\"wpforms-field-label\" for=\"wpforms-240-field_2\">Niveau <span class=\"wpforms-required-label\">*<\/span><\/label><select id=\"wpforms-240-field_2\" class=\"wpforms-field-medium wpforms-field-required\" name=\"wpforms[fields][2]\" required=\"required\"><option value=\"Atelier d&#039;Eveil - 4\/5 ans ( le mercredi de 17h30 \u00e0 18h30)\"  class=\"choice-1 depth-1\"  >Atelier d&rsquo;Eveil &#8211; 4\/5 ans ( le mercredi de 17h30 \u00e0 18h30)<\/option><option value=\"Classique initiation - 6\/7 ans ( le jeudi de 17h15 \u00e0 18h15)\"  class=\"choice-4 depth-1\"  >Classique initiation &#8211; 6\/7 ans ( le jeudi de 17h15 \u00e0 18h15)<\/option><option value=\"Classique pr\u00e9paratoire 1 - 7\/9 ans ( le mercredi de 18h30 \u00e0 19h30)\"  class=\"choice-5 depth-1\"  >Classique pr\u00e9paratoire 1 &#8211; 7\/9 ans ( le mercredi de 18h30 \u00e0 19h30)<\/option><option value=\"Classique pr\u00e9paratoire 2 - 9\/12 ans ( le jeudi de 18h15 \u00e0 19h15)\"  class=\"choice-3 depth-1\"  >Classique pr\u00e9paratoire 2 &#8211; 9\/12 ans ( le jeudi de 18h15 \u00e0 19h15)<\/option><option value=\"Classique \u00e9l\u00e9mentaire - Selon niveau ( le jeudi de 19h15 \u00e0 20h30)\"  class=\"choice-2 depth-1\"  >Classique \u00e9l\u00e9mentaire &#8211; Selon niveau ( le jeudi de 19h15 \u00e0 20h30)<\/option><\/select><div class=\"wpforms-field-description\">Les tranches d&rsquo;\u00e2ges indiqu\u00e9es vous aident \u00e0 d\u00e9finir le cours qui peut correspondre \u00e0 votre enfant. Les professeurs se r\u00e9servent le droit de placer les \u00e9l\u00e8ves sur un cours diff\u00e9rent selon leur niveau. \n\nLes horaires sont soumis \u00e0 validation par la commune de Willems, et peuvent \u00eatre revus \u00e0 la rentr\u00e9e pour am\u00e9liorer le planning de l&rsquo;\u00e9cole.  <\/div><\/div><div id=\"wpforms-240-field_3-container\" class=\"wpforms-field wpforms-field-email\" data-field-id=\"3\"><label class=\"wpforms-field-label\" for=\"wpforms-240-field_3\">Indiquez ici votre adresse E-mail sur laquelle nous vous proposerons une date <span class=\"wpforms-required-label\">*<\/span><\/label><input type=\"email\" id=\"wpforms-240-field_3\" class=\"wpforms-field-medium wpforms-field-required\" name=\"wpforms[fields][3]\" spellcheck=\"false\" required><\/div><div id=\"wpforms-240-field_4-container\" class=\"wpforms-field wpforms-field-textarea\" data-field-id=\"4\"><label class=\"wpforms-field-label\" for=\"wpforms-240-field_4\">Avez-vous des questions ou des informations \u00e0 nous communiquer dans le cadre de votre demande? <\/label><textarea id=\"wpforms-240-field_4\" class=\"wpforms-field-medium\" name=\"wpforms[fields][4]\" ><\/textarea><\/div><\/div><!-- .wpforms-field-container --><div class=\"wpforms-field wpforms-field-hp\"><label for=\"wpforms-240-field-hp\" class=\"wpforms-field-label\">Website<\/label><input type=\"text\" name=\"wpforms[hp]\" id=\"wpforms-240-field-hp\" class=\"wpforms-field-medium\"><\/div><div class=\"wpforms-recaptcha-container wpforms-is-recaptcha wpforms-is-recaptcha-type-v2\" ><div class=\"g-recaptcha\" data-sitekey=\"6Leo98QZAAAAAMIr4WM4JlhIqm-k2Grxzr7FLG6Q\"><\/div><input type=\"text\" name=\"g-recaptcha-hidden\" class=\"wpforms-recaptcha-hidden\" style=\"position:absolute!important;clip:rect(0,0,0,0)!important;height:1px!important;width:1px!important;border:0!important;overflow:hidden!important;padding:0!important;margin:0!important;\" data-rule-recaptcha=\"1\"><\/div><div class=\"wpforms-submit-container\" ><input type=\"hidden\" name=\"wpforms[id]\" value=\"240\"><input type=\"hidden\" name=\"page_title\" value=\"\"><input type=\"hidden\" name=\"page_url\" value=\"https:\/\/www.lorcia.fr\/index.php\/wp-json\/wp\/v2\/pages\/85\"><input type=\"hidden\" name=\"url_referer\" value=\"\"><button type=\"submit\" name=\"wpforms[submit]\" id=\"wpforms-submit-240\" class=\"wpforms-submit\" data-alt-text=\"Envoi...\" data-submit-text=\"Envoyer\" aria-live=\"assertive\" value=\"wpforms-submit\">Envoyer<\/button><\/div><\/form><\/div>  <!-- .wpforms-container -->\n\n\n<p><\/p>\n\n\n\n<h2 class=\"wp-block-heading\">Articles qui pourraient vous int\u00e9resser : <\/h2>\n\n\n<ul class=\"wp-block-latest-posts__list wp-block-latest-posts\"><li><a class=\"wp-block-latest-posts__post-title\" href=\"https:\/\/www.lorcia.fr\/index.php\/2020\/02\/04\/quel-est-le-programme-de-latelier-deveil\/\">Quel est le programme de l&rsquo;atelier d&rsquo;\u00e9veil?<\/a><\/li>\n<li><a class=\"wp-block-latest-posts__post-title\" href=\"https:\/\/www.lorcia.fr\/index.php\/2019\/08\/26\/comment-realiser-un-chignon-pour-le-cours-de-danse\/\">Comment r\u00e9aliser un chignon pour le cours de danse?<\/a><\/li>\n<li><a class=\"wp-block-latest-posts__post-title\" href=\"https:\/\/www.lorcia.fr\/index.php\/2019\/08\/25\/a-quoi-sert-le-cours-dessai\/\">A quoi sert le cours d&rsquo;essai?<\/a><\/li>\n<li><a class=\"wp-block-latest-posts__post-title\" href=\"https:\/\/www.lorcia.fr\/index.php\/2019\/06\/28\/bonjour-tout-le-monde\/\">Quelle tenue mon enfant doit-il porter pour le cours de danse classique?<\/a><\/li>\n<\/ul>\n\n\n<p><\/p>\n","protected":false},"excerpt":{"rendered":"<p>Demandez un cours d&rsquo;essai gratuit: Articles qui pourraient vous int\u00e9resser :<\/p>\n","protected":false},"author":1,"featured_media":0,"parent":0,"menu_order":0,"comment_status":"closed","ping_status":"closed","template":"","meta":{"footnotes":""},"class_list":["post-85","page","type-page","status-publish","hentry"],"_links":{"self":[{"href":"https:\/\/www.lorcia.fr\/index.php\/wp-json\/wp\/v2\/pages\/85","targetHints":{"allow":["GET"]}}],"collection":[{"href":"https:\/\/www.lorcia.fr\/index.php\/wp-json\/wp\/v2\/pages"}],"about":[{"href":"https:\/\/www.lorcia.fr\/index.php\/wp-json\/wp\/v2\/types\/page"}],"author":[{"embeddable":true,"href":"https:\/\/www.lorcia.fr\/index.php\/wp-json\/wp\/v2\/users\/1"}],"replies":[{"embeddable":true,"href":"https:\/\/www.lorcia.fr\/index.php\/wp-json\/wp\/v2\/comments?post=85"}],"version-history":[{"count":41,"href":"https:\/\/www.lorcia.fr\/index.php\/wp-json\/wp\/v2\/pages\/85\/revisions"}],"predecessor-version":[{"id":1036,"href":"https:\/\/www.lorcia.fr\/index.php\/wp-json\/wp\/v2\/pages\/85\/revisions\/1036"}],"wp:attachment":[{"href":"https:\/\/www.lorcia.fr\/index.php\/wp-json\/wp\/v2\/media?parent=85"}],"curies":[{"name":"wp","href":"https:\/\/api.w.org\/{rel}","templated":true}]}}