{"id":718,"date":"2025-07-04T21:30:27","date_gmt":"2025-07-04T19:30:27","guid":{"rendered":"https:\/\/www.lorcia.fr\/?page_id=718"},"modified":"2025-07-04T21:30:27","modified_gmt":"2025-07-04T19:30:27","slug":"formulaire-dinscription-en-ligne-pour-2-enfants","status":"publish","type":"page","link":"https:\/\/www.lorcia.fr\/index.php\/formulaire-dinscription-en-ligne-pour-2-enfants\/","title":{"rendered":"Formulaire d&rsquo;inscription en ligne pour 2 enfants"},"content":{"rendered":"<div class=\"wpforms-container wpforms-container-full wpforms-block wpforms-block-00ce93cb-dc5e-4d7a-b64c-83490a4374bb\" id=\"wpforms-714\"><form id=\"wpforms-form-714\" class=\"wpforms-validate wpforms-form wpforms-ajax-form\" data-formid=\"714\" method=\"post\" enctype=\"multipart\/form-data\" action=\"\/index.php\/wp-json\/wp\/v2\/pages\/718\" data-token=\"99275d49b2549168f1ab1c7046dd2517\" data-token-time=\"1777489749\"><noscript class=\"wpforms-error-noscript\">Veuillez activer JavaScript dans votre navigateur pour remplir ce formulaire.<\/noscript><div class=\"wpforms-field-container\"><div id=\"wpforms-714-field_13-container\" class=\"wpforms-field wpforms-field-name\" data-field-id=\"13\"><label class=\"wpforms-field-label\">Enfant 1 <span class=\"wpforms-required-label\">*<\/span><\/label><div class=\"wpforms-field-row wpforms-field-medium\"><div class=\"wpforms-field-row-block wpforms-first wpforms-one-half\"><input type=\"text\" id=\"wpforms-714-field_13\" class=\"wpforms-field-name-first wpforms-field-required\" name=\"wpforms[fields][13][first]\" required><label for=\"wpforms-714-field_13\" class=\"wpforms-field-sublabel after\">Pr\u00e9nom<\/label><\/div><div class=\"wpforms-field-row-block wpforms-one-half\"><input type=\"text\" id=\"wpforms-714-field_13-last\" class=\"wpforms-field-name-last wpforms-field-required\" name=\"wpforms[fields][13][last]\" required><label for=\"wpforms-714-field_13-last\" class=\"wpforms-field-sublabel after\">Nom<\/label><\/div><\/div><\/div><div id=\"wpforms-714-field_14-container\" class=\"wpforms-field wpforms-field-text\" data-field-id=\"14\"><label class=\"wpforms-field-label\" for=\"wpforms-714-field_14\">Date de naissance de l&#039;enfant 1 <span class=\"wpforms-required-label\">*<\/span><\/label><input type=\"text\" id=\"wpforms-714-field_14\" class=\"wpforms-field-medium wpforms-field-required\" name=\"wpforms[fields][14]\" required><\/div><div id=\"wpforms-714-field_23-container\" class=\"wpforms-field wpforms-field-name\" data-field-id=\"23\"><label class=\"wpforms-field-label\">Enfant 2 <span class=\"wpforms-required-label\">*<\/span><\/label><div class=\"wpforms-field-row wpforms-field-medium\"><div class=\"wpforms-field-row-block wpforms-first wpforms-one-half\"><input type=\"text\" id=\"wpforms-714-field_23\" class=\"wpforms-field-name-first wpforms-field-required\" name=\"wpforms[fields][23][first]\" required><label for=\"wpforms-714-field_23\" class=\"wpforms-field-sublabel after\">Pr\u00e9nom<\/label><\/div><div class=\"wpforms-field-row-block wpforms-one-half\"><input type=\"text\" id=\"wpforms-714-field_23-last\" class=\"wpforms-field-name-last wpforms-field-required\" name=\"wpforms[fields][23][last]\" required><label for=\"wpforms-714-field_23-last\" class=\"wpforms-field-sublabel after\">Nom<\/label><\/div><\/div><\/div><div id=\"wpforms-714-field_24-container\" class=\"wpforms-field wpforms-field-text\" data-field-id=\"24\"><label class=\"wpforms-field-label\" for=\"wpforms-714-field_24\">Date de naissance de l&#039;enfant 2 <span class=\"wpforms-required-label\">*<\/span><\/label><input type=\"text\" id=\"wpforms-714-field_24\" class=\"wpforms-field-medium wpforms-field-required\" name=\"wpforms[fields][24]\" required><\/div><div id=\"wpforms-714-field_3-container\" class=\"wpforms-field wpforms-field-text\" data-field-id=\"3\"><label class=\"wpforms-field-label\" for=\"wpforms-714-field_3\">Adresse postale ( Num\u00e9ro et rue) <span class=\"wpforms-required-label\">*<\/span><\/label><input type=\"text\" id=\"wpforms-714-field_3\" class=\"wpforms-field-medium wpforms-field-required\" name=\"wpforms[fields][3]\" required><\/div><div id=\"wpforms-714-field_6-container\" class=\"wpforms-field wpforms-field-number\" data-field-id=\"6\"><label class=\"wpforms-field-label\" for=\"wpforms-714-field_6\">Code postal <span class=\"wpforms-required-label\">*<\/span><\/label><input type=\"number\" id=\"wpforms-714-field_6\" class=\"wpforms-field-small wpforms-field-required\" name=\"wpforms[fields][6]\" step=\"any\" required><\/div><div id=\"wpforms-714-field_4-container\" class=\"wpforms-field wpforms-field-text\" data-field-id=\"4\"><label class=\"wpforms-field-label\" for=\"wpforms-714-field_4\">Ville <span class=\"wpforms-required-label\">*<\/span><\/label><input type=\"text\" id=\"wpforms-714-field_4\" class=\"wpforms-field-medium wpforms-field-required\" name=\"wpforms[fields][4]\" required><\/div><div id=\"wpforms-714-field_7-container\" class=\"wpforms-field wpforms-field-number\" data-field-id=\"7\"><label class=\"wpforms-field-label\" for=\"wpforms-714-field_7\">T\u00e9l\u00e9phone 1 <span class=\"wpforms-required-label\">*<\/span><\/label><input type=\"number\" id=\"wpforms-714-field_7\" class=\"wpforms-field-medium wpforms-field-required\" name=\"wpforms[fields][7]\" step=\"any\" required><\/div><div id=\"wpforms-714-field_8-container\" class=\"wpforms-field wpforms-field-number\" data-field-id=\"8\"><label class=\"wpforms-field-label\" for=\"wpforms-714-field_8\">T\u00e9l\u00e9phone 2<\/label><input type=\"number\" id=\"wpforms-714-field_8\" class=\"wpforms-field-medium\" name=\"wpforms[fields][8]\" step=\"any\" ><\/div><div id=\"wpforms-714-field_9-container\" class=\"wpforms-field wpforms-field-email\" data-field-id=\"9\"><label class=\"wpforms-field-label\">E-mail 1 <span class=\"wpforms-required-label\">*<\/span><\/label><div class=\"wpforms-field-row wpforms-field-medium\"><div class=\"wpforms-field-row-block wpforms-one-half wpforms-first\"><input type=\"email\" id=\"wpforms-714-field_9\" class=\"wpforms-field-required wpforms-field-email-primary\" name=\"wpforms[fields][9][primary]\" spellcheck=\"false\" required><label for=\"wpforms-714-field_9\" class=\"wpforms-field-sublabel after\">E-mail<\/label><\/div><div class=\"wpforms-field-row-block wpforms-one-half\"><input type=\"email\" id=\"wpforms-714-field_9-secondary\" class=\"wpforms-field-email-secondary wpforms-field-required\" data-rule-confirm=\"#wpforms-714-field_9\" name=\"wpforms[fields][9][secondary]\" spellcheck=\"false\" required><label for=\"wpforms-714-field_9-secondary\" class=\"wpforms-field-sublabel after\">Confirmez l\u2019e-mail<\/label><\/div><\/div><\/div><div id=\"wpforms-714-field_10-container\" class=\"wpforms-field wpforms-field-email\" data-field-id=\"10\"><label class=\"wpforms-field-label\">E-mail 2<\/label><div class=\"wpforms-field-row wpforms-field-medium\"><div class=\"wpforms-field-row-block wpforms-one-half wpforms-first\"><input type=\"email\" id=\"wpforms-714-field_10\" class=\"wpforms-field-email-primary\" name=\"wpforms[fields][10][primary]\" spellcheck=\"false\" ><label for=\"wpforms-714-field_10\" class=\"wpforms-field-sublabel after\">E-mail<\/label><\/div><div class=\"wpforms-field-row-block wpforms-one-half\"><input type=\"email\" id=\"wpforms-714-field_10-secondary\" class=\"wpforms-field-email-secondary\" data-rule-confirm=\"#wpforms-714-field_10\" name=\"wpforms[fields][10][secondary]\" spellcheck=\"false\" ><label for=\"wpforms-714-field_10-secondary\" class=\"wpforms-field-sublabel after\">Confirmez l\u2019e-mail<\/label><\/div><\/div><\/div><div id=\"wpforms-714-field_11-container\" class=\"wpforms-field wpforms-field-name\" data-field-id=\"11\"><label class=\"wpforms-field-label\">Parent 1 <span class=\"wpforms-required-label\">*<\/span><\/label><div class=\"wpforms-field-row wpforms-field-medium\"><div class=\"wpforms-field-row-block wpforms-first wpforms-one-half\"><input type=\"text\" id=\"wpforms-714-field_11\" class=\"wpforms-field-name-first wpforms-field-required\" name=\"wpforms[fields][11][first]\" required><label for=\"wpforms-714-field_11\" class=\"wpforms-field-sublabel after\">Pr\u00e9nom<\/label><\/div><div class=\"wpforms-field-row-block wpforms-one-half\"><input type=\"text\" id=\"wpforms-714-field_11-last\" class=\"wpforms-field-name-last wpforms-field-required\" name=\"wpforms[fields][11][last]\" required><label for=\"wpforms-714-field_11-last\" class=\"wpforms-field-sublabel after\">Nom<\/label><\/div><\/div><\/div><div id=\"wpforms-714-field_12-container\" class=\"wpforms-field wpforms-field-name\" data-field-id=\"12\"><label class=\"wpforms-field-label\">Parent 2<\/label><div class=\"wpforms-field-row wpforms-field-medium\"><div class=\"wpforms-field-row-block wpforms-first wpforms-one-half\"><input type=\"text\" id=\"wpforms-714-field_12\" class=\"wpforms-field-name-first\" name=\"wpforms[fields][12][first]\" ><label for=\"wpforms-714-field_12\" class=\"wpforms-field-sublabel after\">Pr\u00e9nom<\/label><\/div><div class=\"wpforms-field-row-block wpforms-one-half\"><input type=\"text\" id=\"wpforms-714-field_12-last\" class=\"wpforms-field-name-last\" name=\"wpforms[fields][12][last]\" ><label for=\"wpforms-714-field_12-last\" class=\"wpforms-field-sublabel after\">Nom<\/label><\/div><\/div><\/div><div id=\"wpforms-714-field_15-container\" class=\"wpforms-field wpforms-field-select wpforms-field-select-style-classic\" data-field-id=\"15\"><label class=\"wpforms-field-label\" for=\"wpforms-714-field_15\">Enfant 1 : Premier cours convenu avec le professeur <span class=\"wpforms-required-label\">*<\/span><\/label><select id=\"wpforms-714-field_15\" class=\"wpforms-field-medium wpforms-field-required\" name=\"wpforms[fields][15]\" required=\"required\"><option value=\"Eveil - Mercredi 17h30\/18h30\"  class=\"choice-1 depth-1\"  >Eveil &#8211; Mercredi 17h30\/18h30<\/option><option value=\"Initiation - Jeudi 17h15\/18h15\"  class=\"choice-2 depth-1\"  >Initiation &#8211; Jeudi 17h15\/18h15<\/option><option value=\"Pr\u00e9paratoire 2 - Jeudi 18h15\/19h15\"  class=\"choice-3 depth-1\"  >Pr\u00e9paratoire 2 &#8211; Jeudi 18h15\/19h15<\/option><option value=\"Pr\u00e9paratoire 1 - Mercredi 18h30\/19h30\"  class=\"choice-7 depth-1\"  >Pr\u00e9paratoire 1 &#8211; Mercredi 18h30\/19h30<\/option><option value=\"El\u00e9mentaire - Jeudi 19h15\/20h30\"  class=\"choice-4 depth-1\"  >El\u00e9mentaire &#8211; Jeudi 19h15\/20h30<\/option><\/select><div class=\"wpforms-field-description\">Les horaires indiqu\u00e9s sont soumis \u00e0 validation par la mairie de Willems selon disponibilit\u00e9 de la salle. \n\nIl est possible que l&rsquo;\u00e9cole fasse \u00e9voluer l\u00e9g\u00e8rement le planning des cours \u00e0 la rentr\u00e9e. \n\nLes cours qui comptent moins de 5 \u00e9l\u00e8ves sont susceptibles d&rsquo;\u00eatre suspendus.<\/div><\/div><div id=\"wpforms-714-field_20-container\" class=\"wpforms-field wpforms-field-select wpforms-field-select-style-classic\" data-field-id=\"20\"><label class=\"wpforms-field-label\" for=\"wpforms-714-field_20\">Enfant 1 : Deuxi\u00e8me cours convenu avec le professeur <span class=\"wpforms-required-label\">*<\/span><\/label><select id=\"wpforms-714-field_20\" class=\"wpforms-field-medium wpforms-field-required\" name=\"wpforms[fields][20]\" required=\"required\"><option value=\"Aucun\"  class=\"choice-7 depth-1\"  >Aucun<\/option><option value=\"Perfectionnement classique - Mercredi 19h30-20h30\"  class=\"choice-6 depth-1\"  >Perfectionnement classique &#8211; Mercredi 19h30-20h30<\/option><\/select><div class=\"wpforms-field-description\">L&rsquo;inscription \u00e0 un second cours de danse est factur\u00e9 50\u20ac. <\/div><\/div><div id=\"wpforms-714-field_25-container\" class=\"wpforms-field wpforms-field-select wpforms-field-select-style-classic\" data-field-id=\"25\"><label class=\"wpforms-field-label\" for=\"wpforms-714-field_25\">Enfant 2 : Premier cours convenu avec le professeur <span class=\"wpforms-required-label\">*<\/span><\/label><select id=\"wpforms-714-field_25\" class=\"wpforms-field-medium wpforms-field-required\" name=\"wpforms[fields][25]\" required=\"required\"><option value=\"Eveil - Mercredi 17h30\/18h30\"  class=\"choice-1 depth-1\"  >Eveil &#8211; Mercredi 17h30\/18h30<\/option><option value=\"Initiation - Jeudi 17h15\/18h15\"  class=\"choice-2 depth-1\"  >Initiation &#8211; Jeudi 17h15\/18h15<\/option><option value=\"Pr\u00e9paratoire 2 - Jeudi 18h15\/19h15\"  class=\"choice-3 depth-1\"  >Pr\u00e9paratoire 2 &#8211; Jeudi 18h15\/19h15<\/option><option value=\"Pr\u00e9paratoire 1 - Mercredi 18h30\/19h30\"  class=\"choice-7 depth-1\"  >Pr\u00e9paratoire 1 &#8211; Mercredi 18h30\/19h30<\/option><option value=\"El\u00e9mentaire - Jeudi 19h15\/20h30\"  class=\"choice-4 depth-1\"  >El\u00e9mentaire &#8211; Jeudi 19h15\/20h30<\/option><\/select><div class=\"wpforms-field-description\">Les horaires indiqu\u00e9s sont soumis \u00e0 validation par la mairie de Willems selon disponibilit\u00e9 de la salle. \n\nIl est possible que l&rsquo;\u00e9cole fasse \u00e9voluer l\u00e9g\u00e8rement le planning des cours \u00e0 la rentr\u00e9e. \n\nLes cours qui comptent moins de 5 \u00e9l\u00e8ves sont susceptibles d&rsquo;\u00eatre suspendus.<\/div><\/div><div id=\"wpforms-714-field_26-container\" class=\"wpforms-field wpforms-field-select wpforms-field-select-style-classic\" data-field-id=\"26\"><label class=\"wpforms-field-label\" for=\"wpforms-714-field_26\">Enfant 2 : Deuxi\u00e8me cours convenu avec le professeur  <span class=\"wpforms-required-label\">*<\/span><\/label><select id=\"wpforms-714-field_26\" class=\"wpforms-field-medium wpforms-field-required\" name=\"wpforms[fields][26]\" required=\"required\"><option value=\"Aucun\"  class=\"choice-7 depth-1\"  >Aucun<\/option><option value=\"Perfectionnement classique - Mercredi 19h30-20h30\"  class=\"choice-6 depth-1\"  >Perfectionnement classique &#8211; Mercredi 19h30-20h30<\/option><\/select><div class=\"wpforms-field-description\">L&rsquo;inscription \u00e0 un second cours de danse est factur\u00e9 50\u20ac. <\/div><\/div><div id=\"wpforms-714-field_16-container\" class=\"wpforms-field wpforms-field-radio\" data-field-id=\"16\"><label class=\"wpforms-field-label\">Mode de r\u00e9glement pour 1 cours par semaine <span class=\"wpforms-required-label\">*<\/span><\/label><ul id=\"wpforms-714-field_16\" class=\"wpforms-field-required\"><li class=\"choice-11 depth-1\"><input type=\"radio\" id=\"wpforms-714-field_16_11\" name=\"wpforms[fields][16]\" value=\"549\u20ac par carte bancaire via le site Helloasso en utilisant ce lien : https:\/\/www.helloasso.com\/associations\/ecole-de-danse-lorcia\/boutiques\/inscriptions-2025-2026\" required ><label class=\"wpforms-field-label-inline\" for=\"wpforms-714-field_16_11\">549\u20ac par carte bancaire via le site Helloasso en utilisant ce lien : https:\/\/www.helloasso.com\/associations\/ecole-de-danse-lorcia\/boutiques\/inscriptions-2025-2026<\/label><\/li><li class=\"choice-12 depth-1\"><input type=\"radio\" id=\"wpforms-714-field_16_12\" name=\"wpforms[fields][16]\" value=\"549\u20ac - Paiement en 3 fois par carte bancaire via le site Helloasso en utilisant ce lien : https:\/\/www.helloasso.com\/associations\/ecole-de-danse-lorcia\/boutiques\/inscriptions-2025-2026\" required ><label class=\"wpforms-field-label-inline\" for=\"wpforms-714-field_16_12\">549\u20ac &#8211; Paiement en 3 fois par carte bancaire via le site Helloasso en utilisant ce lien : https:\/\/www.helloasso.com\/associations\/ecole-de-danse-lorcia\/boutiques\/inscriptions-2025-2026<\/label><\/li><li class=\"choice-2 depth-1\"><input type=\"radio\" id=\"wpforms-714-field_16_2\" name=\"wpforms[fields][16]\" value=\"549\u20ac, en esp\u00e8ces le jour de l\u2019inscription\" required ><label class=\"wpforms-field-label-inline\" for=\"wpforms-714-field_16_2\">549\u20ac, en esp\u00e8ces le jour de l\u2019inscription<\/label><\/li><li class=\"choice-3 depth-1\"><input type=\"radio\" id=\"wpforms-714-field_16_3\" name=\"wpforms[fields][16]\" value=\"3 ch\u00e8ques de [216\u20ac, 166\u20ac et 166\u20ac] \u00e0 l\u2019ordre de l\u2019\u00e9cole de Danse LORCIA encaiss\u00e9s en septembre, janvier et avril\" required ><label class=\"wpforms-field-label-inline\" for=\"wpforms-714-field_16_3\">3 ch\u00e8ques de [216\u20ac, 166\u20ac et 166\u20ac] \u00e0 l\u2019ordre de l\u2019\u00e9cole de Danse LORCIA encaiss\u00e9s en septembre, janvier et avril<\/label><\/li><li class=\"choice-4 depth-1\"><input type=\"radio\" id=\"wpforms-714-field_16_4\" name=\"wpforms[fields][16]\" value=\"1 ch\u00e8que de 99.90\u20ac et 9 ch\u00e8ques de 49.90\u20ac \u00e0 l\u2019ordre de l\u2019\u00e9cole de Danse LORCIA encaiss\u00e9s chaque mois.\" required ><label class=\"wpforms-field-label-inline\" for=\"wpforms-714-field_16_4\">1 ch\u00e8que de 99.90\u20ac et 9 ch\u00e8ques de 49.90\u20ac \u00e0 l\u2019ordre de l\u2019\u00e9cole de Danse LORCIA encaiss\u00e9s chaque mois.<\/label><\/li><li class=\"choice-7 depth-1\"><input type=\"radio\" id=\"wpforms-714-field_16_7\" name=\"wpforms[fields][16]\" value=\"Un de mes enfants prendra 2 cours par semaine, je s\u00e9lectionne mon mode de r\u00e9glement \u00e0 la rubrique suivante\" required ><label class=\"wpforms-field-label-inline\" for=\"wpforms-714-field_16_7\">Un de mes enfants prendra 2 cours par semaine, je s\u00e9lectionne mon mode de r\u00e9glement \u00e0 la rubrique suivante<\/label><\/li><\/ul><div class=\"wpforms-field-description\">Les formules tarifaires incluent les frais d&rsquo;inscription de 25\u20ac et engagent sur l&rsquo;ann\u00e9e compl\u00e8te avec participation au spectacle. \nPour faciliter la gestion des encaissements, la totalit\u00e9 des ch\u00e8ques doit \u00eatre remise \u00e0 l&rsquo;inscription. Merci de votre compr\u00e9hension. \n<\/div><\/div><div id=\"wpforms-714-field_19-container\" class=\"wpforms-field wpforms-field-radio\" data-field-id=\"19\"><label class=\"wpforms-field-label\">Mode de r\u00e9glement pour 3 cours par semaine  <span class=\"wpforms-required-label\">*<\/span><\/label><ul id=\"wpforms-714-field_19\" class=\"wpforms-field-required\"><li class=\"choice-1 depth-1\"><input type=\"radio\" id=\"wpforms-714-field_19_1\" name=\"wpforms[fields][19]\" value=\"1 ch\u00e8que de 599\u20ac encaiss\u00e9 en septembre \u00e0 l\u2019ordre de l\u2019\u00e9cole de Danse LORCIA.\" required ><label class=\"wpforms-field-label-inline\" for=\"wpforms-714-field_19_1\">1 ch\u00e8que de 599\u20ac encaiss\u00e9 en septembre \u00e0 l\u2019ordre de l\u2019\u00e9cole de Danse LORCIA.<\/label><\/li><li class=\"choice-2 depth-1\"><input type=\"radio\" id=\"wpforms-714-field_19_2\" name=\"wpforms[fields][19]\" value=\"599\u20ac, en esp\u00e8ces le jour de l\u2019inscription\" required ><label class=\"wpforms-field-label-inline\" for=\"wpforms-714-field_19_2\">599\u20ac, en esp\u00e8ces le jour de l\u2019inscription<\/label><\/li><li class=\"choice-3 depth-1\"><input type=\"radio\" id=\"wpforms-714-field_19_3\" name=\"wpforms[fields][19]\" value=\"3 ch\u00e8ques de [199,60\u20ac, 199,60\u20ac et 199,60\u20ac] \u00e0 l\u2019ordre de l\u2019\u00e9cole de Danse LORCIA encaiss\u00e9s en septembre, janvier et avril\" required ><label class=\"wpforms-field-label-inline\" for=\"wpforms-714-field_19_3\">3 ch\u00e8ques de [199,60\u20ac, 199,60\u20ac et 199,60\u20ac] \u00e0 l\u2019ordre de l\u2019\u00e9cole de Danse LORCIA encaiss\u00e9s en septembre, janvier et avril<\/label><\/li><li class=\"choice-4 depth-1\"><input type=\"radio\" id=\"wpforms-714-field_19_4\" name=\"wpforms[fields][19]\" value=\"10 ch\u00e8ques de 59.90\u20ac \u00e0 l\u2019ordre de l\u2019\u00e9cole de Danse LORCIA encaiss\u00e9s chaque mois.\" required ><label class=\"wpforms-field-label-inline\" for=\"wpforms-714-field_19_4\">10 ch\u00e8ques de 59.90\u20ac \u00e0 l\u2019ordre de l\u2019\u00e9cole de Danse LORCIA encaiss\u00e9s chaque mois.<\/label><\/li><li class=\"choice-5 depth-1\"><input type=\"radio\" id=\"wpforms-714-field_19_5\" name=\"wpforms[fields][19]\" value=\"Je ne suis pas concern\u00e9(e) par cette rubrique\" required ><label class=\"wpforms-field-label-inline\" for=\"wpforms-714-field_19_5\">Je ne suis pas concern\u00e9(e) par cette rubrique<\/label><\/li><\/ul><div class=\"wpforms-field-description\">Les formules tarifaires incluent les frais d&rsquo;inscription de 25\u20ac et engagent sur l&rsquo;ann\u00e9e compl\u00e8te avec participation au spectacle. \nPour faciliter la gestion des encaissements, la totalit\u00e9 des ch\u00e8ques doit \u00eatre remise \u00e0 l&rsquo;inscription. Merci de votre compr\u00e9hension. \n<\/div><\/div><div id=\"wpforms-714-field_17-container\" class=\"wpforms-field wpforms-field-checkbox\" data-field-id=\"17\"><label class=\"wpforms-field-label\">Merci de valider les \u00e9l\u00e9ments suivants : <span class=\"wpforms-required-label\">*<\/span><\/label><ul id=\"wpforms-714-field_17\" class=\"wpforms-field-required\"><li class=\"choice-1 depth-1\"><input type=\"checkbox\" id=\"wpforms-714-field_17_1\" name=\"wpforms[fields][17][]\" value=\"J&#039;ai pris connaissance et j&#039;accepte le r\u00e9glement de l&#039;\u00e9cole. \" required ><label class=\"wpforms-field-label-inline\" for=\"wpforms-714-field_17_1\">J&rsquo;ai pris connaissance et j&rsquo;accepte le r\u00e9glement de l&rsquo;\u00e9cole.<\/label><\/li><li class=\"choice-2 depth-1\"><input type=\"checkbox\" id=\"wpforms-714-field_17_2\" name=\"wpforms[fields][17][]\" value=\"J&#039;autorise l\u2019\u00e9cole de danse Lorcia \u00e0 utiliser des photos ou vid\u00e9os de mes enfants sur les r\u00e9seaux Sociaux (comptes de l&#039;\u00e9cole uniquement) et sur le site internet de l\u2019\u00e9cole de danse. Je garde le droit de demander \u00e0 retirer une photo ou une vid\u00e9o que je juge d\u00e9rangeante ou embarrassante.\" required ><label class=\"wpforms-field-label-inline\" for=\"wpforms-714-field_17_2\">J&rsquo;autorise l\u2019\u00e9cole de danse Lorcia \u00e0 utiliser des photos ou vid\u00e9os de mes enfants sur les r\u00e9seaux Sociaux (comptes de l&rsquo;\u00e9cole uniquement) et sur le site internet de l\u2019\u00e9cole de danse. Je garde le droit de demander \u00e0 retirer une photo ou une vid\u00e9o que je juge d\u00e9rangeante ou embarrassante.<\/label><\/li><\/ul><div class=\"wpforms-field-description\">Merci de joindre un certificat m\u00e9dical de non\ncontre-indications \u00e0 une activit\u00e9 sportive\nmod\u00e9r\u00e9e datant de moins d\u2019un mois pour chaque enfant, au plus\ntard un mois apr\u00e8s la date d\u2019inscription\n\n<\/div><\/div><\/div><!-- .wpforms-field-container --><div class=\"wpforms-recaptcha-container wpforms-is-recaptcha wpforms-is-recaptcha-type-v2\" ><div class=\"g-recaptcha\" data-sitekey=\"6Leo98QZAAAAAMIr4WM4JlhIqm-k2Grxzr7FLG6Q\"><\/div><input type=\"text\" name=\"g-recaptcha-hidden\" class=\"wpforms-recaptcha-hidden\" style=\"position:absolute!important;clip:rect(0,0,0,0)!important;height:1px!important;width:1px!important;border:0!important;overflow:hidden!important;padding:0!important;margin:0!important;\" data-rule-recaptcha=\"1\"><\/div><div class=\"wpforms-submit-container\" ><input type=\"hidden\" name=\"wpforms[id]\" value=\"714\"><input type=\"hidden\" name=\"page_title\" value=\"\"><input type=\"hidden\" name=\"page_url\" value=\"https:\/\/www.lorcia.fr\/index.php\/wp-json\/wp\/v2\/pages\/718\"><input type=\"hidden\" name=\"url_referer\" value=\"\"><button type=\"submit\" name=\"wpforms[submit]\" id=\"wpforms-submit-714\" class=\"wpforms-submit\" data-alt-text=\"Envoi...\" data-submit-text=\"Valider les demandes d&#039;inscription\" aria-live=\"assertive\" value=\"wpforms-submit\">Valider les demandes d&#039;inscription<\/button><img loading=\"lazy\" decoding=\"async\" src=\"https:\/\/www.lorcia.fr\/wp-content\/plugins\/wpforms-lite\/assets\/images\/submit-spin.svg\" class=\"wpforms-submit-spinner\" style=\"display: none;\" width=\"26\" height=\"26\" alt=\"Chargement en cours\"><\/div><\/form><\/div>  <!-- .wpforms-container -->","protected":false},"excerpt":{"rendered":"","protected":false},"author":1,"featured_media":0,"parent":0,"menu_order":0,"comment_status":"closed","ping_status":"closed","template":"","meta":{"footnotes":""},"class_list":["post-718","page","type-page","status-publish","hentry"],"_links":{"self":[{"href":"https:\/\/www.lorcia.fr\/index.php\/wp-json\/wp\/v2\/pages\/718","targetHints":{"allow":["GET"]}}],"collection":[{"href":"https:\/\/www.lorcia.fr\/index.php\/wp-json\/wp\/v2\/pages"}],"about":[{"href":"https:\/\/www.lorcia.fr\/index.php\/wp-json\/wp\/v2\/types\/page"}],"author":[{"embeddable":true,"href":"https:\/\/www.lorcia.fr\/index.php\/wp-json\/wp\/v2\/users\/1"}],"replies":[{"embeddable":true,"href":"https:\/\/www.lorcia.fr\/index.php\/wp-json\/wp\/v2\/comments?post=718"}],"version-history":[{"count":2,"href":"https:\/\/www.lorcia.fr\/index.php\/wp-json\/wp\/v2\/pages\/718\/revisions"}],"predecessor-version":[{"id":725,"href":"https:\/\/www.lorcia.fr\/index.php\/wp-json\/wp\/v2\/pages\/718\/revisions\/725"}],"wp:attachment":[{"href":"https:\/\/www.lorcia.fr\/index.php\/wp-json\/wp\/v2\/media?parent=718"}],"curies":[{"name":"wp","href":"https:\/\/api.w.org\/{rel}","templated":true}]}}