{"id":130,"date":"2019-08-24T17:37:29","date_gmt":"2019-08-24T15:37:29","guid":{"rendered":"http:\/\/lorciafrrc.cluster020.hosting.ovh.net\/?page_id=130"},"modified":"2019-09-25T20:05:32","modified_gmt":"2019-09-25T18:05:32","slug":"professeurs","status":"publish","type":"page","link":"https:\/\/www.lorcia.fr\/index.php\/professeurs\/","title":{"rendered":"Professeurs"},"content":{"rendered":"\n<div class=\"wp-block-media-text alignwide has-luminous-vivid-amber-background-color\"><figure class=\"wp-block-media-text__media\"><img loading=\"lazy\" decoding=\"async\" width=\"677\" height=\"1024\" src=\"http:\/\/lorciafrrc.cluster020.hosting.ovh.net\/wp-content\/uploads\/2019\/08\/portrait-fred-site-677x1024.jpg\" alt=\"\" class=\"wp-image-167\" srcset=\"https:\/\/www.lorcia.fr\/wp-content\/uploads\/2019\/08\/portrait-fred-site-677x1024.jpg 677w, https:\/\/www.lorcia.fr\/wp-content\/uploads\/2019\/08\/portrait-fred-site-198x300.jpg 198w, https:\/\/www.lorcia.fr\/wp-content\/uploads\/2019\/08\/portrait-fred-site-768x1162.jpg 768w, https:\/\/www.lorcia.fr\/wp-content\/uploads\/2019\/08\/portrait-fred-site-397x600.jpg 397w, https:\/\/www.lorcia.fr\/wp-content\/uploads\/2019\/08\/portrait-fred-site.jpg 1428w\" sizes=\"auto, (max-width: 677px) 100vw, 677px\" \/><\/figure><div class=\"wp-block-media-text__content\">\n<h4 class=\"wp-block-heading\">Fr\u00e9d\u00e9rique DUBUIS<\/h4>\n\n\n\n<p>G\u00e9rante de l&rsquo;\u00e9cole et animatrice des ateliers d&rsquo;\u00e9veil. Elle pratique la danse classique depuis l&rsquo;\u00e2ge de 4 ans. Elle a ensuite appris la danse moderne et caract\u00e8re notamment lors d&rsquo;une ann\u00e9e \u00e0 l&rsquo;\u00e9cole de danse du Ballet du nord. <\/p>\n\n\n\n<p>Durant son adolescence, elle re\u00e7ut de nombreux prix aux concours de la CND en classique et en jazz.  <\/p>\n<\/div><\/div>\n\n\n\n<p><\/p>\n\n\n\n<p><\/p>\n\n\n\n<h2 class=\"wp-block-heading\">  <\/h2>\n\n\n\n<p><\/p>\n\n\n\n<p>        <\/p>\n\n\n\n<h2 class=\"wp-block-heading\">                                 <\/h2>\n\n\n\n<div class=\"wp-block-media-text alignwide has-media-on-the-right has-luminous-vivid-amber-background-color\"><figure class=\"wp-block-media-text__media\"><img loading=\"lazy\" decoding=\"async\" width=\"730\" height=\"1024\" src=\"http:\/\/lorciafrrc.cluster020.hosting.ovh.net\/wp-content\/uploads\/2019\/08\/LOUISE-730x1024.png\" alt=\"\" class=\"wp-image-170\" srcset=\"https:\/\/www.lorcia.fr\/wp-content\/uploads\/2019\/08\/LOUISE-730x1024.png 730w, https:\/\/www.lorcia.fr\/wp-content\/uploads\/2019\/08\/LOUISE-214x300.png 214w, https:\/\/www.lorcia.fr\/wp-content\/uploads\/2019\/08\/LOUISE-768x1077.png 768w, https:\/\/www.lorcia.fr\/wp-content\/uploads\/2019\/08\/LOUISE-428x600.png 428w, https:\/\/www.lorcia.fr\/wp-content\/uploads\/2019\/08\/LOUISE.png 1728w\" sizes=\"auto, (max-width: 730px) 100vw, 730px\" \/><\/figure><div class=\"wp-block-media-text__content\">\n<h4 class=\"wp-block-heading\">Louise LANGLET<\/h4>\n\n\n\n<p>Professeur de danse classique. Elle a re\u00e7u son dipl\u00f4me d&rsquo;\u00e9tat de danse classique en 2013. <\/p>\n\n\n\n<p>Clarinettiste et dipl\u00f4m\u00e9e de  conservatoire, elle a grandi avec la musique et la danse et a eu  l&rsquo;opportunit\u00e9 de prendre les cours de <em>Nadejda Loudjine<\/em> plusieurs ann\u00e9es. <\/p>\n\n\n\n<p>Elle re\u00e7ut \u00e9galement de nombreux prix aux concours de la CND en classique et en caract\u00e8re. <\/p>\n<\/div><\/div>\n","protected":false},"excerpt":{"rendered":"<p>Fr\u00e9d\u00e9rique DUBUIS G\u00e9rante de l&rsquo;\u00e9cole et animatrice des ateliers d&rsquo;\u00e9veil. Elle pratique la danse classique depuis l&rsquo;\u00e2ge de 4 ans. Elle a ensuite appris la danse moderne et caract\u00e8re notamment lors d&rsquo;une ann\u00e9e \u00e0 l&rsquo;\u00e9cole de danse du Ballet du nord. Durant son adolescence, elle re\u00e7ut de nombreux prix aux concours de la CND en<a class=\"moretag\" href=\"https:\/\/www.lorcia.fr\/index.php\/professeurs\/\">Read more<\/a><\/p>\n","protected":false},"author":1,"featured_media":0,"parent":0,"menu_order":0,"comment_status":"closed","ping_status":"closed","template":"","meta":{"footnotes":""},"class_list":["post-130","page","type-page","status-publish","hentry"],"_links":{"self":[{"href":"https:\/\/www.lorcia.fr\/index.php\/wp-json\/wp\/v2\/pages\/130","targetHints":{"allow":["GET"]}}],"collection":[{"href":"https:\/\/www.lorcia.fr\/index.php\/wp-json\/wp\/v2\/pages"}],"about":[{"href":"https:\/\/www.lorcia.fr\/index.php\/wp-json\/wp\/v2\/types\/page"}],"author":[{"embeddable":true,"href":"https:\/\/www.lorcia.fr\/index.php\/wp-json\/wp\/v2\/users\/1"}],"replies":[{"embeddable":true,"href":"https:\/\/www.lorcia.fr\/index.php\/wp-json\/wp\/v2\/comments?post=130"}],"version-history":[{"count":6,"href":"https:\/\/www.lorcia.fr\/index.php\/wp-json\/wp\/v2\/pages\/130\/revisions"}],"predecessor-version":[{"id":543,"href":"https:\/\/www.lorcia.fr\/index.php\/wp-json\/wp\/v2\/pages\/130\/revisions\/543"}],"wp:attachment":[{"href":"https:\/\/www.lorcia.fr\/index.php\/wp-json\/wp\/v2\/media?parent=130"}],"curies":[{"name":"wp","href":"https:\/\/api.w.org\/{rel}","templated":true}]}}