{"id":128,"date":"2019-08-24T17:37:29","date_gmt":"2019-08-24T15:37:29","guid":{"rendered":"http:\/\/lorciafrrc.cluster020.hosting.ovh.net\/?page_id=128"},"modified":"2022-08-30T10:21:27","modified_gmt":"2022-08-30T08:21:27","slug":"cours","status":"publish","type":"page","link":"https:\/\/www.lorcia.fr\/index.php\/cours\/","title":{"rendered":"Cours"},"content":{"rendered":"\n<h2 class=\"wp-block-heading\"><strong>Atelier d&rsquo;\u00c9veil \u00e0 la danse &#8211; 4 \u00e0 6 ans  (Deux\/trois premi\u00e8res ann\u00e9es)<\/strong><\/h2>\n\n\n\n<p class=\"has-luminous-vivid-amber-background-color has-background\">Ce cours aborde la danse par le jeu sans imm\u00e9diatement frustrer les enfants par trop de cadre ou rigueur. <\/p>\n\n\n\n<figure class=\"wp-block-image\"><img loading=\"lazy\" decoding=\"async\" width=\"1024\" height=\"663\" src=\"http:\/\/lorciafrrc.cluster020.hosting.ovh.net\/wp-content\/uploads\/2019\/07\/29-1024x663.jpg\" alt=\"\" class=\"wp-image-44\" srcset=\"https:\/\/www.lorcia.fr\/wp-content\/uploads\/2019\/07\/29-1024x663.jpg 1024w, https:\/\/www.lorcia.fr\/wp-content\/uploads\/2019\/07\/29-300x194.jpg 300w, https:\/\/www.lorcia.fr\/wp-content\/uploads\/2019\/07\/29-768x497.jpg 768w, https:\/\/www.lorcia.fr\/wp-content\/uploads\/2019\/07\/29.jpg 1987w\" sizes=\"auto, (max-width: 1024px) 100vw, 1024px\" \/><\/figure>\n\n\n\n<p class=\"has-luminous-vivid-amber-background-color has-background\">L&rsquo;apprentissage du rythme musical, de la coordination corporelle sont les principaux objectifs de ce cours. Les bases de la danse classique sont abord\u00e9es progressivement afin de pr\u00e9parer les enfants \u00e0 des cours plus rigoureux sur les niveaux sup\u00e9rieurs. <\/p>\n\n\n\n<figure class=\"wp-block-image\"><img loading=\"lazy\" decoding=\"async\" width=\"1024\" height=\"663\" src=\"http:\/\/lorciafrrc.cluster020.hosting.ovh.net\/wp-content\/uploads\/2019\/07\/17-1024x663.jpg\" alt=\"\" class=\"wp-image-32\" srcset=\"https:\/\/www.lorcia.fr\/wp-content\/uploads\/2019\/07\/17-1024x663.jpg 1024w, https:\/\/www.lorcia.fr\/wp-content\/uploads\/2019\/07\/17-300x194.jpg 300w, https:\/\/www.lorcia.fr\/wp-content\/uploads\/2019\/07\/17-768x497.jpg 768w, https:\/\/www.lorcia.fr\/wp-content\/uploads\/2019\/07\/17.jpg 1987w\" sizes=\"auto, (max-width: 1024px) 100vw, 1024px\" \/><\/figure>\n\n\n\n<p><\/p>\n\n\n\n<p><\/p>\n\n\n\n<h2 class=\"wp-block-heading\">I<strong>nitiation classique &#8211; 6 \u00e0 7 ans <\/strong>(<strong>\u00e0 partir de la 2\u00e8me ou 3\u00e8me ann\u00e9e)<\/strong><\/h2>\n\n\n\n<p class=\"has-luminous-vivid-amber-background-color has-background\">Ce cours est  pr\u00e9vu pour commencer \u00e0 aborder la technique par des exercices simples mais d\u00e9j\u00e0 pr\u00e9cis. Occasionnellement, certains exercices se pratiquent \u00e0 la barre mais le cours se d\u00e9roule principalement au centre. <\/p>\n\n\n\n<figure class=\"wp-block-image\"><img loading=\"lazy\" decoding=\"async\" width=\"1024\" height=\"683\" src=\"http:\/\/lorciafrrc.cluster020.hosting.ovh.net\/wp-content\/uploads\/2019\/08\/cours-noir-et-blanc-1024x683.jpg\" alt=\"\" class=\"wp-image-160\" srcset=\"https:\/\/www.lorcia.fr\/wp-content\/uploads\/2019\/08\/cours-noir-et-blanc-1024x683.jpg 1024w, https:\/\/www.lorcia.fr\/wp-content\/uploads\/2019\/08\/cours-noir-et-blanc-300x200.jpg 300w, https:\/\/www.lorcia.fr\/wp-content\/uploads\/2019\/08\/cours-noir-et-blanc-768x512.jpg 768w, https:\/\/www.lorcia.fr\/wp-content\/uploads\/2019\/08\/cours-noir-et-blanc-600x400.jpg 600w\" sizes=\"auto, (max-width: 1024px) 100vw, 1024px\" \/><\/figure>\n\n\n\n<p class=\"has-luminous-vivid-amber-background-color has-background\">Le placement dans l&rsquo;espace, la tenue du corps et l&rsquo;attitude en cours sont les principaux objectifs de ce cours. Les positions simples de bras et de pieds sont enseign\u00e9es et la m\u00e9moire des enfants est vivement sollicit\u00e9e pour pr\u00e9parer au mieux le passage au niveau sup\u00e9rieur. <\/p>\n\n\n\n<figure class=\"wp-block-image is-resized\"><img loading=\"lazy\" decoding=\"async\" src=\"http:\/\/lorciafrrc.cluster020.hosting.ovh.net\/wp-content\/uploads\/2019\/08\/cours-noir-edt-blanc-2-683x1024.jpg\" alt=\"\" class=\"wp-image-162\" width=\"575\" height=\"862\" srcset=\"https:\/\/www.lorcia.fr\/wp-content\/uploads\/2019\/08\/cours-noir-edt-blanc-2-683x1024.jpg 683w, https:\/\/www.lorcia.fr\/wp-content\/uploads\/2019\/08\/cours-noir-edt-blanc-2-200x300.jpg 200w, https:\/\/www.lorcia.fr\/wp-content\/uploads\/2019\/08\/cours-noir-edt-blanc-2-768x1152.jpg 768w, https:\/\/www.lorcia.fr\/wp-content\/uploads\/2019\/08\/cours-noir-edt-blanc-2-400x600.jpg 400w\" sizes=\"auto, (max-width: 575px) 100vw, 575px\" \/><\/figure>\n\n\n\n<p><\/p>\n\n\n\n<p><\/p>\n\n\n\n<p><\/p>\n\n\n\n<h2 class=\"wp-block-heading\"><strong>Pr\u00e9paratoire classique &#8211; 8 ans et plus (Selon niveau) <\/strong><\/h2>\n\n\n\n<p class=\"has-luminous-vivid-amber-background-color has-background\"> Ce cours est pr\u00e9vu pour aborder la technique par des exercices simples mais d\u00e9j\u00e0 pr\u00e9cis. Il d\u00e9bute par un \u00e9chauffement \u00e0 la barre et se termine par quelques exercices au milieu. <\/p>\n\n\n\n<figure class=\"wp-block-image\"><img loading=\"lazy\" decoding=\"async\" width=\"1024\" height=\"663\" src=\"http:\/\/lorciafrrc.cluster020.hosting.ovh.net\/wp-content\/uploads\/2019\/07\/36-1024x663.jpg\" alt=\"\" class=\"wp-image-51\" srcset=\"https:\/\/www.lorcia.fr\/wp-content\/uploads\/2019\/07\/36-1024x663.jpg 1024w, https:\/\/www.lorcia.fr\/wp-content\/uploads\/2019\/07\/36-300x194.jpg 300w, https:\/\/www.lorcia.fr\/wp-content\/uploads\/2019\/07\/36-768x497.jpg 768w, https:\/\/www.lorcia.fr\/wp-content\/uploads\/2019\/07\/36.jpg 1987w\" sizes=\"auto, (max-width: 1024px) 100vw, 1024px\" \/><\/figure>\n\n\n\n<p class=\"has-luminous-vivid-amber-background-color has-background\"> Ce cours a pour objectif de travailler le placement de base, l&rsquo;en-dehors, le cou de pied, la souplesse. Nous visons ces objectifs en travaillant au travers d&rsquo;exercices basiques simples laissant aux \u00e9l\u00e8ves le temps d&rsquo;appr\u00e9hender leurs corps et d&rsquo;appliquer les corrections. <\/p>\n\n\n\n<figure class=\"wp-block-image\"><img loading=\"lazy\" decoding=\"async\" width=\"1024\" height=\"663\" src=\"http:\/\/lorciafrrc.cluster020.hosting.ovh.net\/wp-content\/uploads\/2019\/07\/50-1024x663.jpg\" alt=\"\" class=\"wp-image-65\" srcset=\"https:\/\/www.lorcia.fr\/wp-content\/uploads\/2019\/07\/50-1024x663.jpg 1024w, https:\/\/www.lorcia.fr\/wp-content\/uploads\/2019\/07\/50-300x194.jpg 300w, https:\/\/www.lorcia.fr\/wp-content\/uploads\/2019\/07\/50-768x497.jpg 768w, https:\/\/www.lorcia.fr\/wp-content\/uploads\/2019\/07\/50.jpg 1987w\" sizes=\"auto, (max-width: 1024px) 100vw, 1024px\" \/><\/figure>\n\n\n\n<h2 class=\"wp-block-heading\"><strong>El\u00e9mentaire classique &#8211; (Selon niveau) <\/strong><\/h2>\n\n\n\n<p class=\"has-luminous-vivid-amber-background-color has-background\">Ce cours entre plus en profondeur dans la technique classique tout en continuant d&rsquo;avancer vers les m\u00eames objectifs : placement, en-dehors, d\u00e9veloppement du pied, &#8230; Les exercices sont plus \u00e9labor\u00e9s et demandent motricit\u00e9, v\u00e9locit\u00e9 et r\u00e9activit\u00e9. <br>Les \u00e9l\u00e8ves qui sont physiquement et techniquement pr\u00eates d\u00e9marrent le travail des pointes dans ce cours. <\/p>\n","protected":false},"excerpt":{"rendered":"<p>Atelier d&rsquo;\u00c9veil \u00e0 la danse &#8211; 4 \u00e0 6 ans (Deux\/trois premi\u00e8res ann\u00e9es) Ce cours aborde la danse par le jeu sans imm\u00e9diatement frustrer les enfants par trop de cadre ou rigueur. L&rsquo;apprentissage du rythme musical, de la coordination corporelle sont les principaux objectifs de ce cours. Les bases de la danse classique sont abord\u00e9es<a class=\"moretag\" href=\"https:\/\/www.lorcia.fr\/index.php\/cours\/\">Read more<\/a><\/p>\n","protected":false},"author":1,"featured_media":0,"parent":0,"menu_order":0,"comment_status":"closed","ping_status":"closed","template":"","meta":{"footnotes":""},"class_list":["post-128","page","type-page","status-publish","hentry"],"_links":{"self":[{"href":"https:\/\/www.lorcia.fr\/index.php\/wp-json\/wp\/v2\/pages\/128","targetHints":{"allow":["GET"]}}],"collection":[{"href":"https:\/\/www.lorcia.fr\/index.php\/wp-json\/wp\/v2\/pages"}],"about":[{"href":"https:\/\/www.lorcia.fr\/index.php\/wp-json\/wp\/v2\/types\/page"}],"author":[{"embeddable":true,"href":"https:\/\/www.lorcia.fr\/index.php\/wp-json\/wp\/v2\/users\/1"}],"replies":[{"embeddable":true,"href":"https:\/\/www.lorcia.fr\/index.php\/wp-json\/wp\/v2\/comments?post=128"}],"version-history":[{"count":7,"href":"https:\/\/www.lorcia.fr\/index.php\/wp-json\/wp\/v2\/pages\/128\/revisions"}],"predecessor-version":[{"id":649,"href":"https:\/\/www.lorcia.fr\/index.php\/wp-json\/wp\/v2\/pages\/128\/revisions\/649"}],"wp:attachment":[{"href":"https:\/\/www.lorcia.fr\/index.php\/wp-json\/wp\/v2\/media?parent=128"}],"curies":[{"name":"wp","href":"https:\/\/api.w.org\/{rel}","templated":true}]}}